{"id":146,"date":"2020-01-23T20:09:02","date_gmt":"2020-01-23T19:09:02","guid":{"rendered":"http:\/\/premium-imp.pl\/var\/www\/vhosts\/4\/112131\/webspace\/httpdocs\/bukii.pl\/?page_id=146"},"modified":"2021-01-10T16:34:45","modified_gmt":"2021-01-10T15:34:45","slug":"moja-symfonia","status":"publish","type":"page","link":"https:\/\/bukii.pl\/?page_id=146","title":{"rendered":"Moja Symfonia"},"content":{"rendered":"<p>[et_pb_section fb_built=&#8221;1&#8243; disabled_on=&#8221;off|off|off&#8221; admin_label=&#8221;Header Section&#8221; _builder_version=&#8221;4.7.7&#8243; use_background_color_gradient=&#8221;on&#8221; background_color_gradient_start=&#8221;rgba(0,0,0,0.37)&#8221; background_color_gradient_end=&#8221;#143d58&#8243; background_color_gradient_start_position=&#8221;100%&#8221; background_color_gradient_overlays_image=&#8221;on&#8221; background_image=&#8221;http:\/\/bukii.pl\/wp-content\/uploads\/2021\/01\/ksiegowosc7.jpg&#8221; custom_margin=&#8221;|||&#8221; custom_padding=&#8221;6vw|0px|6vw|0px&#8221; bottom_divider_color=&#8221;rgba(5,41,66,0.3)&#8221; bottom_divider_height=&#8221;20vw&#8221; animation_style=&#8221;slide&#8221; animation_direction=&#8221;top&#8221; animation_intensity_slide=&#8221;3%&#8221; animation_starting_opacity=&#8221;100%&#8221; locked=&#8221;off&#8221;][et_pb_row disabled_on=&#8221;off|off|off&#8221; module_class=&#8221; et_pb_row_fullwidth&#8221; _builder_version=&#8221;3.25&#8243; width=&#8221;89%&#8221; width_tablet=&#8221;80%&#8221; width_phone=&#8221;&#8221; width_last_edited=&#8221;on|desktop&#8221; max_width=&#8221;89%&#8221; max_width_tablet=&#8221;80%&#8221; max_width_phone=&#8221;&#8221; max_width_last_edited=&#8221;on|desktop&#8221; custom_padding=&#8221;|||&#8221; make_fullwidth=&#8221;on&#8221;][et_pb_column type=&#8221;4_4&#8243; _builder_version=&#8221;3.25&#8243; custom_padding=&#8221;|||&#8221; custom_padding__hover=&#8221;|||&#8221;][et_pb_text disabled_on=&#8221;off|off|off&#8221; _builder_version=&#8221;4.7.7&#8243; text_font=&#8221;Montserrat||||||||&#8221; text_font_size=&#8221;22px&#8221; text_line_height=&#8221;1.8em&#8221; header_font=&#8221;Montserrat|600||on|||||&#8221; header_text_align=&#8221;center&#8221; header_font_size=&#8221;60px&#8221; header_line_height=&#8221;1.5em&#8221; text_orientation=&#8221;center&#8221; background_layout=&#8221;dark&#8221; custom_margin=&#8221;|||&#8221; header_font_size_tablet=&#8221;50px&#8221; header_font_size_phone=&#8221;&#8221; header_font_size_last_edited=&#8221;on|desktop&#8221; header_line_height_tablet=&#8221;1.1em&#8221; header_line_height_phone=&#8221;1.2em&#8221; header_line_height_last_edited=&#8221;off|desktop&#8221; header_text_shadow_style=&#8221;preset1&#8243;]<\/p>\n<h1>Moja symfonia<\/h1>\n<h2><\/h2>\n<p>[\/et_pb_text][\/et_pb_column][\/et_pb_row][\/et_pb_section][et_pb_section fb_built=&#8221;1&#8243; admin_label=&#8221;Gallery Section&#8221; _builder_version=&#8221;3.22&#8243; custom_padding=&#8221;120px|0px|120px|0px&#8221;][et_pb_row _builder_version=&#8221;4.7.7&#8243; max_width=&#8221;1300px&#8221; custom_padding=&#8221;|||&#8221; locked=&#8221;off&#8221;][et_pb_column type=&#8221;4_4&#8243; _builder_version=&#8221;3.25&#8243; custom_padding=&#8221;|||&#8221; custom_padding__hover=&#8221;|||&#8221;][et_pb_text _builder_version=&#8221;4.7.7&#8243; text_font=&#8221;Montserrat||||||||&#8221; text_font_size=&#8221;18px&#8221; text_line_height=&#8221;1.8em&#8221; header_font=&#8221;||||||||&#8221; header_2_font=&#8221;Montserrat||||||||&#8221; header_2_text_align=&#8221;center&#8221; header_2_font_size=&#8221;40px&#8221; header_2_line_height=&#8221;1.5em&#8221; text_orientation=&#8221;center&#8221; custom_margin=&#8221;|||&#8221; custom_padding=&#8221;|||&#8221; text_font_size_tablet=&#8221;16px&#8221; text_font_size_phone=&#8221;16px&#8221; text_font_size_last_edited=&#8221;on|desktop&#8221;]<\/p>\n<h2>Drogi Kliencie Skoro trafi\u0142e\u015b a\u017c tutaj mo\u017ce to oznacza\u0107 ch\u0119\u0107 zmiany &#8222;CZEGO\u015a&#8221; w Twojej ksi\u0119gowo\u015bci.<\/h2>\n<div align=\"center\"><strong>Je\u017celi tak to DOBRZE TRAFI\u0141E\u015a<\/strong><\/div>\n<p><strong>Masz wiele mo\u017cliwo\u015bci:<\/strong><\/p>\n<p><span style=\"font-size: 18px\">Mo\u017cesz zleci\u0107 nam prowadzenie Twoich spraw finansowo ksi\u0119gowych i\/lub kadrowo p\u0142acowych<\/span><\/p>\n<p><em>Korzy\u015bci<\/em><\/p>\n<ul>\n<li style=\"text-align: left\">Wszystko za\u0142atwimy za Ciebie.<\/li>\n<li style=\"text-align: left\">Twoje finanse b\u0119d\u0105 prowadzone w nowoczesnym systemie finansowo ksi\u0119gowym.<\/li>\n<li style=\"text-align: left\">W przysz\u0142o\u015bci nie b\u0119dziesz mia\u0142 problem\u00f3w z przeniesieniem danych do innego us\u0142ugodawcy.<\/li>\n<\/ul>\n<p>Mo\u017cesz kupi\u0107 system<span>\u00a0<\/span><a href=\"https:\/\/www.bukii.pl\/?show=mojasymfonia\">SYMFONIA<\/a><span>\u00a0<\/span>lub jeden z jego element\u00f3w na w\u0142asno\u015b\u0107 i zleci\u0107 jego obs\u0142ug\u0119:<\/p>\n<ul type=\"a\">\n<li style=\"text-align: left\">nam<\/li>\n<li style=\"text-align: left\">innemu podmiotowi<\/li>\n<li style=\"text-align: left\">zatrudni\u0107 w\u0142asnych pracownik\u00f3w<\/li>\n<\/ul>\n<p>&nbsp;<\/p>\n<h2>Co zyskujesz kupuj\u0105c oprogramowanie u nas ?<\/h2>\n<p>Mo\u017cesz zam\u00f3wi\u0107 profesjonale wdro\u017cenie systemu wraz ze szkoleniem. By\u0107 mo\u017ce nie potrzebujesz wdro\u017cenia lub Twoje s\u0142u\u017cby finansowe maj\u0105 wystarczaj\u0105c\u0105 wiedze do zrealizowania tego zadania samodzielnie.<\/p>\n<p>I tak mo\u017cesz dosta\u0107 gratis w ramach 5-cio godzinnego pakietu instalacj\u0119 systemu i wst\u0119pne szkolenie<span>*<\/span><br \/>Mo\u017cesz r\u00f3wnie\u017c zam\u00f3wi\u0107 pomoc w bie\u017c\u0105cej obs\u0142udze oprogramowania oraz zewn\u0119trzny nadz\u00f3r nad Twoimi ksi\u0119gami rachunkowymi.<\/p>\n<p>Nasze ceny uwzgl\u0119dniaj\u0105 wszystkie aktualnie obowi\u0105zuj\u0105ce promocje.<\/p>\n<p><em><span>*<\/span><span>\u00a0<\/span>Dotyczy tylko systemu PREMIUM i START<\/em><\/p>\n<p>[\/et_pb_text][\/et_pb_column][\/et_pb_row][\/et_pb_section][et_pb_section fb_built=&#8221;1&#8243; admin_label=&#8221;Footer Section&#8221; _builder_version=&#8221;4.7.7&#8243; use_background_color_gradient=&#8221;on&#8221; background_color_gradient_start=&#8221;rgba(0,0,0,0.52)&#8221; background_color_gradient_end=&#8221;#143d58&#8243; background_color_gradient_start_position=&#8221;100%&#8221; background_color_gradient_overlays_image=&#8221;on&#8221; background_image=&#8221;http:\/\/bukii.pl\/wp-content\/uploads\/2021\/01\/ksiegowosc12.jpg&#8221; custom_margin=&#8221;|||&#8221; custom_padding=&#8221;100px|0px|100px|0px|false|false&#8221; bottom_divider_style=&#8221;mountains2&#8243; bottom_divider_color=&#8221;rgba(5,41,66,0.3)&#8221; bottom_divider_height=&#8221;50%&#8221; animation_style=&#8221;slide&#8221; animation_direction=&#8221;bottom&#8221; animation_intensity_slide=&#8221;6%&#8221; animation_starting_opacity=&#8221;100%&#8221; global_module=&#8221;383&#8243; saved_tabs=&#8221;all&#8221;][et_pb_row admin_label=&#8221;Footer Row&#8221; _builder_version=&#8221;3.25&#8243; custom_padding=&#8221;|||&#8221;][et_pb_column type=&#8221;4_4&#8243; _builder_version=&#8221;3.25&#8243; custom_padding=&#8221;|||&#8221; custom_padding__hover=&#8221;|||&#8221;][et_pb_text _builder_version=&#8221;4.7.7&#8243; text_font=&#8221;Montserrat||||||||&#8221; text_font_size=&#8221;18px&#8221; text_line_height=&#8221;1.8em&#8221; header_font=&#8221;||||||||&#8221; header_2_font=&#8221;Montserrat||||||||&#8221; header_2_text_align=&#8221;center&#8221; header_2_text_color=&#8221;#ffffff&#8221; header_2_font_size=&#8221;40px&#8221; header_2_line_height=&#8221;1.5em&#8221; text_orientation=&#8221;center&#8221; custom_margin=&#8221;|||&#8221; custom_padding=&#8221;|||&#8221; text_font_size_tablet=&#8221;16px&#8221; text_font_size_phone=&#8221;16px&#8221; text_font_size_last_edited=&#8221;on|desktop&#8221; locked=&#8221;off&#8221;]<\/p>\n<h2>Nasza oferta<\/h2>\n<p>[\/et_pb_text][et_pb_text admin_label=&#8221;Title&#8221; _builder_version=&#8221;4.7.7&#8243; text_font=&#8221;Montserrat||||||||&#8221; text_text_color=&#8221;#a4bccb&#8221; text_font_size=&#8221;20px&#8221; text_line_height=&#8221;1.5em&#8221; header_font=&#8221;||||||||&#8221; header_2_font=&#8221;Montserrat||||||||&#8221; header_2_text_align=&#8221;center&#8221; header_2_line_height=&#8221;1.5em&#8221; header_3_font=&#8221;Montserrat|500|||||||&#8221; header_3_text_align=&#8221;center&#8221; header_3_font_size=&#8221;55px&#8221; header_3_line_height=&#8221;1.5em&#8221; text_orientation=&#8221;center&#8221; background_layout=&#8221;dark&#8221; max_width=&#8221;800px&#8221; module_alignment=&#8221;center&#8221; custom_margin=&#8221;||0px|&#8221; header_3_font_size_tablet=&#8221;60px&#8221; header_3_font_size_phone=&#8221;52px&#8221; header_3_font_size_last_edited=&#8221;on|tablet&#8221;]<\/p>\n<h2><span>Ch\u0119tnie odpowiemy na wszystkie Pa\u0144stwa pytania i w\u0105tpliwo\u015bci.<\/span><br \/><span>Jeste\u015bmy do Pa\u0144stwa dyspozycji.<\/span><\/h2>\n<p>[\/et_pb_text][\/et_pb_column][\/et_pb_row][et_pb_row admin_label=&#8221;CTA Row&#8221; _builder_version=&#8221;3.25&#8243; custom_padding=&#8221;|||&#8221;][et_pb_column type=&#8221;4_4&#8243; _builder_version=&#8221;3.25&#8243; custom_padding=&#8221;|||&#8221; custom_padding__hover=&#8221;|||&#8221;][et_pb_blurb title=&#8221;Zadzwo\u0144 do nas dzisiaj&#8221; image=&#8221;http:\/\/bukii.pl\/wp-content\/uploads\/2020\/08\/Call_icon.png&#8221; admin_label=&#8221;CTA&#8221; _builder_version=&#8221;4.7.7&#8243; header_font=&#8221;Montserrat||||||||&#8221; header_text_color=&#8221;#a4bccb&#8221; header_font_size=&#8221;20px&#8221; header_line_height=&#8221;1.5em&#8221; body_font=&#8221;Montserrat|500|||||||&#8221; body_text_align=&#8221;center&#8221; body_font_size=&#8221;30px&#8221; text_orientation=&#8221;center&#8221; background_layout=&#8221;dark&#8221; animation=&#8221;off&#8221;]<\/p>\n<p><a href=\"tel:504128795\">+48 22 328 53 61<\/a><\/p>\n<p>lub<\/p>\n<p>[\/et_pb_blurb][et_pb_button button_url=&#8221;@ET-DC@eyJkeW5hbWljIjp0cnVlLCJjb250ZW50IjoicG9zdF9saW5rX3VybF9wYWdlIiwic2V0dGluZ3MiOnsicG9zdF9pZCI6IjE5In19@&#8221; button_text=&#8221;Napisz do nas&#8221; button_alignment=&#8221;center&#8221; admin_label=&#8221;CTA Button&#8221; _builder_version=&#8221;4.7.7&#8243; _dynamic_attributes=&#8221;button_url&#8221; custom_button=&#8221;on&#8221; button_text_size=&#8221;14px&#8221; button_text_color=&#8221;#ffffff&#8221; button_bg_color=&#8221;#f6961b&#8221; button_border_width=&#8221;12px&#8221; button_border_color=&#8221;#f6961b&#8221; button_border_radius=&#8221;2px&#8221; button_letter_spacing=&#8221;0px&#8221; button_font=&#8221;Montserrat|700||on|||||&#8221; custom_margin=&#8221;30px|||&#8221; custom_padding=&#8221;|||&#8221; button_border_radius_hover=&#8221;4px&#8221; locked=&#8221;off&#8221; button_text_size__hover_enabled=&#8221;off&#8221; button_one_text_size__hover_enabled=&#8221;off&#8221; button_two_text_size__hover_enabled=&#8221;off&#8221; button_text_color__hover_enabled=&#8221;off&#8221; button_one_text_color__hover_enabled=&#8221;off&#8221; button_two_text_color__hover_enabled=&#8221;off&#8221; button_border_width__hover_enabled=&#8221;off&#8221; button_one_border_width__hover_enabled=&#8221;off&#8221; button_two_border_width__hover_enabled=&#8221;off&#8221; button_border_color__hover_enabled=&#8221;off&#8221; button_one_border_color__hover_enabled=&#8221;off&#8221; button_two_border_color__hover_enabled=&#8221;off&#8221; button_border_radius__hover_enabled=&#8221;on&#8221; button_border_radius__hover=&#8221;4px&#8221; button_one_border_radius__hover_enabled=&#8221;off&#8221; button_two_border_radius__hover_enabled=&#8221;off&#8221; button_letter_spacing__hover_enabled=&#8221;off&#8221; button_one_letter_spacing__hover_enabled=&#8221;off&#8221; button_two_letter_spacing__hover_enabled=&#8221;off&#8221; button_bg_color__hover_enabled=&#8221;off&#8221; button_one_bg_color__hover_enabled=&#8221;off&#8221; button_two_bg_color__hover_enabled=&#8221;off&#8221;][\/et_pb_button][\/et_pb_column][\/et_pb_row][\/et_pb_section]<\/p>\n","protected":false},"excerpt":{"rendered":"<p>Moja symfonia Drogi Kliencie Skoro trafi\u0142e\u015b a\u017c tutaj mo\u017ce to oznacza\u0107 ch\u0119\u0107 zmiany &#8222;CZEGO\u015a&#8221; w Twojej ksi\u0119gowo\u015bci. Je\u017celi tak to DOBRZE TRAFI\u0141E\u015a Masz wiele mo\u017cliwo\u015bci: Mo\u017cesz zleci\u0107 nam prowadzenie Twoich spraw finansowo ksi\u0119gowych i\/lub kadrowo p\u0142acowych Korzy\u015bci Wszystko za\u0142atwimy za Ciebie. Twoje finanse b\u0119d\u0105 prowadzone w nowoczesnym systemie finansowo ksi\u0119gowym. W przysz\u0142o\u015bci nie b\u0119dziesz mia\u0142 [&hellip;]<\/p>\n","protected":false},"author":1,"featured_media":0,"parent":0,"menu_order":0,"comment_status":"closed","ping_status":"closed","template":"","meta":{"_et_pb_use_builder":"on","_et_pb_old_content":"","_et_gb_content_width":"","footnotes":""},"class_list":["post-146","page","type-page","status-publish","hentry"],"_links":{"self":[{"href":"https:\/\/bukii.pl\/index.php?rest_route=\/wp\/v2\/pages\/146","targetHints":{"allow":["GET"]}}],"collection":[{"href":"https:\/\/bukii.pl\/index.php?rest_route=\/wp\/v2\/pages"}],"about":[{"href":"https:\/\/bukii.pl\/index.php?rest_route=\/wp\/v2\/types\/page"}],"author":[{"embeddable":true,"href":"https:\/\/bukii.pl\/index.php?rest_route=\/wp\/v2\/users\/1"}],"replies":[{"embeddable":true,"href":"https:\/\/bukii.pl\/index.php?rest_route=%2Fwp%2Fv2%2Fcomments&post=146"}],"version-history":[{"count":5,"href":"https:\/\/bukii.pl\/index.php?rest_route=\/wp\/v2\/pages\/146\/revisions"}],"predecessor-version":[{"id":498,"href":"https:\/\/bukii.pl\/index.php?rest_route=\/wp\/v2\/pages\/146\/revisions\/498"}],"wp:attachment":[{"href":"https:\/\/bukii.pl\/index.php?rest_route=%2Fwp%2Fv2%2Fmedia&parent=146"}],"curies":[{"name":"wp","href":"https:\/\/api.w.org\/{rel}","templated":true}]}}