{"id":59,"date":"2020-01-23T18:34:53","date_gmt":"2020-01-23T17:34:53","guid":{"rendered":"http:\/\/premium-imp.pl\/var\/www\/vhosts\/4\/112131\/webspace\/httpdocs\/bukii.pl\/?page_id=59"},"modified":"2022-02-07T15:03:37","modified_gmt":"2022-02-07T14:03:37","slug":"uslugi-ksiegowe","status":"publish","type":"page","link":"https:\/\/bukii.pl\/?page_id=59","title":{"rendered":"Us\u0142ugi ksi\u0119gowe"},"content":{"rendered":"<p>[et_pb_section fb_built=&#8221;1&#8243; inner_shadow=&#8221;on&#8221; disabled_on=&#8221;off|off|off&#8221; admin_label=&#8221;Header Section&#8221; _builder_version=&#8221;4.8.0&#8243; use_background_color_gradient=&#8221;on&#8221; background_color_gradient_start=&#8221;rgba(0,0,0,0.37)&#8221; background_color_gradient_end=&#8221;#143d58&#8243; background_color_gradient_start_position=&#8221;100%&#8221; background_color_gradient_overlays_image=&#8221;on&#8221; background_image=&#8221;https:\/\/bukii.pl\/wp-content\/uploads\/2021\/01\/ksiegowosc4.jpg&#8221; background_position=&#8221;bottom_center&#8221; min_height=&#8221;241.4px&#8221; custom_margin=&#8221;|||&#8221; custom_padding=&#8221;6vw|0px|6vw|0px&#8221; bottom_divider_color=&#8221;rgba(5,41,66,0.3)&#8221; bottom_divider_height=&#8221;20vw&#8221; animation_style=&#8221;slide&#8221; animation_direction=&#8221;top&#8221; animation_intensity_slide=&#8221;3%&#8221; animation_starting_opacity=&#8221;100%&#8221; locked=&#8221;off&#8221;][et_pb_row disabled_on=&#8221;off|off|off&#8221; module_class=&#8221; et_pb_row_fullwidth&#8221; _builder_version=&#8221;3.25&#8243; width=&#8221;89%&#8221; width_tablet=&#8221;80%&#8221; width_phone=&#8221;&#8221; width_last_edited=&#8221;on|desktop&#8221; max_width=&#8221;89%&#8221; max_width_tablet=&#8221;80%&#8221; max_width_phone=&#8221;&#8221; max_width_last_edited=&#8221;on|desktop&#8221; min_height=&#8221;119px&#8221; custom_padding=&#8221;|||&#8221; make_fullwidth=&#8221;on&#8221;][et_pb_column type=&#8221;4_4&#8243; admin_label=&#8221;Kolumna&#8221; _builder_version=&#8221;3.25&#8243; custom_padding=&#8221;|||&#8221; custom_padding__hover=&#8221;|||&#8221;][et_pb_text disabled_on=&#8221;off|off|off&#8221; _builder_version=&#8221;4.7.7&#8243; text_font=&#8221;Montserrat||||||||&#8221; text_font_size=&#8221;22px&#8221; text_line_height=&#8221;1.8em&#8221; header_font=&#8221;Montserrat|600||on|||||&#8221; header_text_align=&#8221;center&#8221; header_font_size=&#8221;60px&#8221; header_line_height=&#8221;1.5em&#8221; text_orientation=&#8221;center&#8221; background_layout=&#8221;dark&#8221; custom_margin=&#8221;|||&#8221; header_font_size_tablet=&#8221;50px&#8221; header_font_size_phone=&#8221;&#8221; header_font_size_last_edited=&#8221;on|desktop&#8221; header_line_height_tablet=&#8221;1.1em&#8221; header_line_height_phone=&#8221;1.2em&#8221; header_line_height_last_edited=&#8221;off|desktop&#8221; header_text_shadow_style=&#8221;preset1&#8243;]<\/p>\n<h1>Us\u0142ugi Ksi\u0119gowe<\/h1>\n<h2><\/h2>\n<p>[\/et_pb_text][\/et_pb_column][\/et_pb_row][\/et_pb_section][et_pb_section fb_built=&#8221;1&#8243; use_custom_gutter=&#8221;on&#8221; padding_top_1=&#8221;0px&#8221; padding_top_2=&#8221;80px&#8221; padding_right_2=&#8221;10%&#8221; padding_bottom_2=&#8221;0px&#8221; padding_2_tablet=&#8221;0px|||10%&#8221; padding_2_phone=&#8221;|||&#8221; _builder_version=&#8221;3.22&#8243; background_color_gradient_direction=&#8221;90deg&#8221; custom_margin=&#8221;|||&#8221; custom_margin_tablet=&#8221;80px|80px|80px|80px&#8221; custom_margin_last_edited=&#8221;off|desktop&#8221; custom_padding=&#8221;5px|0px|120px|0px||&#8221; animation_style=&#8221;slide&#8221; animation_direction=&#8221;left&#8221; animation_intensity_slide=&#8221;1%&#8221; use_custom_width=&#8221;on&#8221; width_unit=&#8221;off&#8221; custom_width_percent=&#8221;100%&#8221;][et_pb_row column_structure=&#8221;1_2,1_2&#8243; _builder_version=&#8221;4.7.7&#8243; max_width=&#8221;1300px&#8221; custom_padding=&#8221;|||&#8221; locked=&#8221;off&#8221;][et_pb_column type=&#8221;1_2&#8243; _builder_version=&#8221;3.25&#8243; custom_padding=&#8221;|||&#8221; custom_padding__hover=&#8221;|||&#8221;][et_pb_text _builder_version=&#8221;4.7.7&#8243; text_font=&#8221;Montserrat||||||||&#8221; text_font_size=&#8221;18px&#8221; text_line_height=&#8221;1.8em&#8221; header_font=&#8221;||||||||&#8221; header_2_font=&#8221;Montserrat||||||||&#8221; header_2_text_align=&#8221;center&#8221; header_2_font_size=&#8221;40px&#8221; header_2_line_height=&#8221;1.5em&#8221; text_orientation=&#8221;center&#8221; custom_margin=&#8221;|||&#8221; custom_padding=&#8221;|||&#8221; text_font_size_tablet=&#8221;16px&#8221; text_font_size_phone=&#8221;16px&#8221; text_font_size_last_edited=&#8221;on|desktop&#8221;]<\/p>\n<p>W ramach us\u0142ug finansowo ksi\u0119gowych oferujemy prowadzenie:<\/p>\n<ul>\n<li style=\"text-align: left\">ksi\u0119gowo\u015bci podmiot\u00f3w dzia\u0142aj\u0105cych na podstawie Kodeksu Handlowego<\/li>\n<li style=\"text-align: left\">ksi\u0119gowo\u015bci os\u00f3b fizycznych zobowi\u0105zanych do prowadzenia ksi\u0105g handlowych<\/li>\n<li style=\"text-align: left\">podatkowych ksi\u0105g przychod\u00f3w i rozchod\u00f3w<\/li>\n<li style=\"text-align: left\">pe\u0142nej obs\u0142ugi kadrowo-p\u0142acowej<\/li>\n<li style=\"text-align: left\">analizy finansowe<\/li>\n<li style=\"text-align: left\">mi\u0119kkiej windykacje Pa\u0144stwa nale\u017cno\u015bci\u00a0<\/li>\n<\/ul>\n<p>Dzi\u0119ki wykorzystaniu nowoczesnych narz\u0119dzi informatycznych naszym Klientom umo\u017cliwiamy:<\/p>\n<ul>\n<li style=\"text-align: left\">zdalny wgl\u0105d do swoich ksi\u0105g rachunkowych<\/li>\n<li style=\"text-align: left\">mo\u017cliwo\u015b\u0107 generowania elektronicznych przelew\u00f3w na podstawie dokument\u00f3w \u017ar\u00f3d\u0142owych uj\u0119tych w ewidencji ksi\u0119gowej<\/li>\n<li style=\"text-align: left\">przegl\u0105danie rozrachunk\u00f3w, wykonywanie raport\u00f3w i zestawie\u0144 przez pracownik\u00f3w Klienta<\/li>\n<li style=\"text-align: left\">zdaln\u0105 prac\u0119 tj.<\/li>\n<li style=\"text-align: left\">elektoroniczny obieg dokument\u00f3w (SALDEO)<\/li>\n<li style=\"text-align: left\">system pracy grupowej (biuro &#8211; klient)<\/li>\n<li style=\"text-align: left\">miejsce na w\u0142asn\u0105 baz\u0119 procedur i przepis\u00f3w obowi\u0105zuj\u0105cych w firmie<\/li>\n<li style=\"text-align: left\">powy\u017csz\u0105 funkcjonalno\u015b\u0107 mo\u017cemy osi\u0105gn\u0105\u0107 z dowolnego urz\u0105dzenia (komputer, tablet, telefon)<\/li>\n<\/ul>\n<p style=\"text-align: left\">\n<p>[\/et_pb_text][\/et_pb_column][et_pb_column type=&#8221;1_2&#8243; _builder_version=&#8221;3.25&#8243; custom_padding=&#8221;|||&#8221; custom_padding__hover=&#8221;|||&#8221;][et_pb_image src=&#8221;https:\/\/bukii.pl\/wp-content\/uploads\/2021\/01\/ksiegowosc19.jpg&#8221; title_text=&#8221;ksiegowosc19&#8243; _builder_version=&#8221;4.7.7&#8243; _module_preset=&#8221;default&#8221;][\/et_pb_image][\/et_pb_column][\/et_pb_row][et_pb_row _builder_version=&#8221;4.7.7&#8243; max_width=&#8221;1300px&#8221; custom_padding=&#8221;|||&#8221; locked=&#8221;off&#8221;][et_pb_column type=&#8221;4_4&#8243; _builder_version=&#8221;3.25&#8243; custom_padding=&#8221;|||&#8221; custom_padding__hover=&#8221;|||&#8221;][et_pb_text _builder_version=&#8221;4.7.7&#8243; text_font=&#8221;Montserrat||||||||&#8221; text_font_size=&#8221;18px&#8221; text_line_height=&#8221;1.8em&#8221; header_font=&#8221;||||||||&#8221; header_2_font=&#8221;Montserrat||||||||&#8221; header_2_text_align=&#8221;center&#8221; header_2_font_size=&#8221;40px&#8221; header_2_line_height=&#8221;1.5em&#8221; text_orientation=&#8221;center&#8221; custom_margin=&#8221;|||&#8221; custom_padding=&#8221;|||&#8221; text_font_size_tablet=&#8221;16px&#8221; text_font_size_phone=&#8221;16px&#8221; text_font_size_last_edited=&#8221;on|desktop&#8221;]<\/p>\n<p>Dodatkowo dla podmiot\u00f3w prowadz\u0105cych dzia\u0142alno\u015b\u0107 w wi\u0119kszym zakresie proponujemy:<\/p>\n<ul>\n<li style=\"text-align: left\"><strong>biuro bez dokument\u00f3w<\/strong><span>\u00a0<\/span>&#8211; ca\u0142o\u015b\u0107 dokumentacji wraz z jej obiegiem odbwa si\u0119 wersji elektronicznej<\/li>\n<li style=\"text-align: left\">brak konieczno\u015bci przemieszczania dokument\u00f3w poza obr\u0119b firmy<\/li>\n<li style=\"text-align: left\">brak konieczno\u015bci przechowywania dokument\u00f3w w wersji papierowej<\/li>\n<li style=\"text-align: left\">sta\u0142y dost\u0119p do wszystkich dokument\u00f3w finansowo ksi\u0119gowych<\/li>\n<\/ul>\n<p>W celu spe\u0142nienia postanowie\u0144 ustaw dotycz\u0105cych prowadzenia ksi\u0105g rachunkowych do obs\u0142ugi naszych Klient\u00f3w u\u017cywamy zintegrowanego pakietu SYMFONIA, kt\u00f3ry posiada stosowne ceryfikaty oraz rekomendacj\u0119 Polskiego Stowarzyszenia Ksi\u0119gowych.<\/p>\n<p>[\/et_pb_text][\/et_pb_column][\/et_pb_row][\/et_pb_section][et_pb_section fb_built=&#8221;1&#8243; admin_label=&#8221;Footer Section&#8221; _builder_version=&#8221;4.8.0&#8243; use_background_color_gradient=&#8221;on&#8221; background_color_gradient_start=&#8221;rgba(0,0,0,0.52)&#8221; background_color_gradient_end=&#8221;#143d58&#8243; background_color_gradient_start_position=&#8221;100%&#8221; background_color_gradient_overlays_image=&#8221;on&#8221; background_image=&#8221;https:\/\/bukii.pl\/wp-content\/uploads\/2021\/01\/ksiegowosc12.jpg&#8221; custom_margin=&#8221;|||&#8221; custom_padding=&#8221;100px|0px|100px|0px|false|false&#8221; bottom_divider_style=&#8221;mountains2&#8243; bottom_divider_color=&#8221;rgba(5,41,66,0.3)&#8221; bottom_divider_height=&#8221;50%&#8221; animation_style=&#8221;slide&#8221; animation_direction=&#8221;bottom&#8221; animation_intensity_slide=&#8221;6%&#8221; animation_starting_opacity=&#8221;100%&#8221; hover_enabled=&#8221;0&#8243; global_module=&#8221;383&#8243; saved_tabs=&#8221;all&#8221; sticky_enabled=&#8221;0&#8243;][et_pb_row admin_label=&#8221;Footer Row&#8221; _builder_version=&#8221;3.25&#8243; custom_padding=&#8221;|||&#8221;][et_pb_column type=&#8221;4_4&#8243; _builder_version=&#8221;3.25&#8243; custom_padding=&#8221;|||&#8221; custom_padding__hover=&#8221;|||&#8221;][et_pb_text _builder_version=&#8221;4.7.7&#8243; text_font=&#8221;Montserrat||||||||&#8221; text_font_size=&#8221;18px&#8221; text_line_height=&#8221;1.8em&#8221; header_font=&#8221;||||||||&#8221; header_2_font=&#8221;Montserrat||||||||&#8221; header_2_text_align=&#8221;center&#8221; header_2_text_color=&#8221;#ffffff&#8221; header_2_font_size=&#8221;40px&#8221; header_2_line_height=&#8221;1.5em&#8221; text_orientation=&#8221;center&#8221; custom_margin=&#8221;|||&#8221; custom_padding=&#8221;|||&#8221; text_font_size_tablet=&#8221;16px&#8221; text_font_size_phone=&#8221;16px&#8221; text_font_size_last_edited=&#8221;on|desktop&#8221; locked=&#8221;off&#8221;]<\/p>\n<h2>Nasza oferta<\/h2>\n<p>[\/et_pb_text][et_pb_text admin_label=&#8221;Title&#8221; _builder_version=&#8221;4.7.7&#8243; text_font=&#8221;Montserrat||||||||&#8221; text_text_color=&#8221;#a4bccb&#8221; text_font_size=&#8221;20px&#8221; text_line_height=&#8221;1.5em&#8221; header_font=&#8221;||||||||&#8221; header_2_font=&#8221;Montserrat||||||||&#8221; header_2_text_align=&#8221;center&#8221; header_2_line_height=&#8221;1.5em&#8221; header_3_font=&#8221;Montserrat|500|||||||&#8221; header_3_text_align=&#8221;center&#8221; header_3_font_size=&#8221;55px&#8221; header_3_line_height=&#8221;1.5em&#8221; text_orientation=&#8221;center&#8221; background_layout=&#8221;dark&#8221; max_width=&#8221;800px&#8221; module_alignment=&#8221;center&#8221; custom_margin=&#8221;||0px|&#8221; header_3_font_size_tablet=&#8221;60px&#8221; header_3_font_size_phone=&#8221;52px&#8221; header_3_font_size_last_edited=&#8221;on|tablet&#8221;]<\/p>\n<h2><span>Ch\u0119tnie odpowiemy na wszystkie Pa\u0144stwa pytania i w\u0105tpliwo\u015bci.<\/span><br \/><span>Jeste\u015bmy do Pa\u0144stwa dyspozycji.<\/span><\/h2>\n<p>[\/et_pb_text][\/et_pb_column][\/et_pb_row][et_pb_row admin_label=&#8221;CTA Row&#8221; _builder_version=&#8221;3.25&#8243; custom_padding=&#8221;|||&#8221;][et_pb_column type=&#8221;4_4&#8243; _builder_version=&#8221;3.25&#8243; custom_padding=&#8221;|||&#8221; custom_padding__hover=&#8221;|||&#8221;][et_pb_blurb title=&#8221;Zadzwo\u0144 do nas dzisiaj&#8221; image=&#8221;https:\/\/bukii.pl\/wp-content\/uploads\/2020\/08\/Call_icon.png&#8221; admin_label=&#8221;CTA&#8221; _builder_version=&#8221;4.7.7&#8243; header_font=&#8221;Montserrat||||||||&#8221; header_text_color=&#8221;#a4bccb&#8221; header_font_size=&#8221;20px&#8221; header_line_height=&#8221;1.5em&#8221; body_font=&#8221;Montserrat|500|||||||&#8221; body_text_align=&#8221;center&#8221; body_font_size=&#8221;30px&#8221; text_orientation=&#8221;center&#8221; background_layout=&#8221;dark&#8221; animation=&#8221;off&#8221;]<\/p>\n<p><a href=\"tel:504128795\">+48 502 192 520<\/a><\/p>\n<p>lub<\/p>\n<p>[\/et_pb_blurb][et_pb_button button_url=&#8221;@ET-DC@eyJkeW5hbWljIjp0cnVlLCJjb250ZW50IjoicG9zdF9saW5rX3VybF9wYWdlIiwic2V0dGluZ3MiOnsicG9zdF9pZCI6IjE5In19@&#8221; button_text=&#8221;Napisz do nas&#8221; button_alignment=&#8221;center&#8221; admin_label=&#8221;CTA Button&#8221; _builder_version=&#8221;4.8.0&#8243; _dynamic_attributes=&#8221;button_url&#8221; custom_button=&#8221;on&#8221; button_text_size=&#8221;14px&#8221; button_text_color=&#8221;#ffffff&#8221; button_bg_color=&#8221;#197b62&#8243; button_border_width=&#8221;12px&#8221; button_border_color=&#8221;#197b62&#8243; button_border_radius=&#8221;2px&#8221; button_letter_spacing=&#8221;0px&#8221; button_font=&#8221;Montserrat|700||on|||||&#8221; custom_margin=&#8221;30px|||&#8221; custom_padding=&#8221;|||&#8221; button_border_radius_hover=&#8221;4px&#8221; locked=&#8221;off&#8221; button_text_size__hover_enabled=&#8221;off&#8221; button_one_text_size__hover_enabled=&#8221;off&#8221; button_two_text_size__hover_enabled=&#8221;off&#8221; button_text_color__hover_enabled=&#8221;off&#8221; button_one_text_color__hover_enabled=&#8221;off&#8221; button_two_text_color__hover_enabled=&#8221;off&#8221; button_border_width__hover_enabled=&#8221;off&#8221; button_one_border_width__hover_enabled=&#8221;off&#8221; button_two_border_width__hover_enabled=&#8221;off&#8221; button_border_color__hover_enabled=&#8221;off&#8221; button_one_border_color__hover_enabled=&#8221;off&#8221; button_two_border_color__hover_enabled=&#8221;off&#8221; button_border_radius__hover_enabled=&#8221;on&#8221; button_border_radius__hover=&#8221;4px&#8221; button_one_border_radius__hover_enabled=&#8221;off&#8221; button_two_border_radius__hover_enabled=&#8221;off&#8221; button_letter_spacing__hover_enabled=&#8221;off&#8221; button_one_letter_spacing__hover_enabled=&#8221;off&#8221; button_two_letter_spacing__hover_enabled=&#8221;off&#8221; button_bg_color__hover_enabled=&#8221;off&#8221; button_one_bg_color__hover_enabled=&#8221;off&#8221; button_two_bg_color__hover_enabled=&#8221;off&#8221;][\/et_pb_button][\/et_pb_column][\/et_pb_row][\/et_pb_section]<\/p>\n","protected":false},"excerpt":{"rendered":"<p>Us\u0142ugi Ksi\u0119gowe W ramach us\u0142ug finansowo ksi\u0119gowych oferujemy prowadzenie: ksi\u0119gowo\u015bci podmiot\u00f3w dzia\u0142aj\u0105cych na podstawie Kodeksu Handlowego ksi\u0119gowo\u015bci os\u00f3b fizycznych zobowi\u0105zanych do prowadzenia ksi\u0105g handlowych podatkowych ksi\u0105g przychod\u00f3w i rozchod\u00f3w pe\u0142nej obs\u0142ugi kadrowo-p\u0142acowej analizy finansowe mi\u0119kkiej windykacje Pa\u0144stwa nale\u017cno\u015bci\u00a0 Dzi\u0119ki wykorzystaniu nowoczesnych narz\u0119dzi informatycznych naszym Klientom umo\u017cliwiamy: zdalny wgl\u0105d do swoich ksi\u0105g rachunkowych mo\u017cliwo\u015b\u0107 generowania elektronicznych [&hellip;]<\/p>\n","protected":false},"author":1,"featured_media":0,"parent":0,"menu_order":0,"comment_status":"closed","ping_status":"closed","template":"","meta":{"_et_pb_use_builder":"on","_et_pb_old_content":"","_et_gb_content_width":"","footnotes":""},"class_list":["post-59","page","type-page","status-publish","hentry"],"_links":{"self":[{"href":"https:\/\/bukii.pl\/index.php?rest_route=\/wp\/v2\/pages\/59","targetHints":{"allow":["GET"]}}],"collection":[{"href":"https:\/\/bukii.pl\/index.php?rest_route=\/wp\/v2\/pages"}],"about":[{"href":"https:\/\/bukii.pl\/index.php?rest_route=\/wp\/v2\/types\/page"}],"author":[{"embeddable":true,"href":"https:\/\/bukii.pl\/index.php?rest_route=\/wp\/v2\/users\/1"}],"replies":[{"embeddable":true,"href":"https:\/\/bukii.pl\/index.php?rest_route=%2Fwp%2Fv2%2Fcomments&post=59"}],"version-history":[{"count":5,"href":"https:\/\/bukii.pl\/index.php?rest_route=\/wp\/v2\/pages\/59\/revisions"}],"predecessor-version":[{"id":579,"href":"https:\/\/bukii.pl\/index.php?rest_route=\/wp\/v2\/pages\/59\/revisions\/579"}],"wp:attachment":[{"href":"https:\/\/bukii.pl\/index.php?rest_route=%2Fwp%2Fv2%2Fmedia&parent=59"}],"curies":[{"name":"wp","href":"https:\/\/api.w.org\/{rel}","templated":true}]}}